{"id":14,"date":"2022-05-23T21:23:16","date_gmt":"2022-05-23T19:23:16","guid":{"rendered":"http:\/\/box.gourmandinha.com\/?page_id=14"},"modified":"2022-08-05T12:47:27","modified_gmt":"2022-08-05T10:47:27","slug":"je-compose-ma-box","status":"publish","type":"page","link":"https:\/\/box.gourmandinha.com\/index.php\/je-compose-ma-box\/","title":{"rendered":"Je compose ma box"},"content":{"rendered":"\t\t<div data-elementor-type=\"wp-page\" data-elementor-id=\"14\" class=\"elementor elementor-14\">\n\t\t\t\t\t\t<section class=\"elementor-section elementor-top-section elementor-element elementor-element-501cbd09 elementor-section-boxed elementor-section-height-default elementor-section-height-default\" data-id=\"501cbd09\" data-element_type=\"section\" data-e-type=\"section\">\n\t\t\t\t\t\t<div class=\"elementor-container elementor-column-gap-default\">\n\t\t\t\t\t<div class=\"elementor-column elementor-col-100 elementor-top-column elementor-element elementor-element-29dae17c\" data-id=\"29dae17c\" data-element_type=\"column\" data-e-type=\"column\">\n\t\t\t<div class=\"elementor-widget-wrap elementor-element-populated\">\n\t\t\t\t\t\t<div class=\"elementor-element elementor-element-74a60ff2 elementor-widget elementor-widget-text-editor\" data-id=\"74a60ff2\" data-element_type=\"widget\" data-e-type=\"widget\" data-widget_type=\"text-editor.default\">\n\t\t\t\t<div class=\"elementor-widget-container\">\n\t\t\t\t\t\t\t\t\t<p><\/p><h4 class=\"wp-block-heading\">Le concept<\/h4><p><\/p><p><\/p><p><\/p>\t\t\t\t\t\t\t\t<\/div>\n\t\t\t\t<\/div>\n\t\t\t\t\t<\/div>\n\t\t<\/div>\n\t\t\t\t\t<\/div>\n\t\t<\/section>\n\t\t\t\t<section class=\"elementor-section elementor-top-section elementor-element elementor-element-cf89d24 elementor-section-boxed elementor-section-height-default elementor-section-height-default\" data-id=\"cf89d24\" data-element_type=\"section\" data-e-type=\"section\">\n\t\t\t\t\t\t<div class=\"elementor-container elementor-column-gap-default\">\n\t\t\t\t\t<div class=\"elementor-column elementor-col-100 elementor-top-column elementor-element elementor-element-4b275ef\" data-id=\"4b275ef\" data-element_type=\"column\" data-e-type=\"column\">\n\t\t\t<div class=\"elementor-widget-wrap elementor-element-populated\">\n\t\t\t\t\t\t<div class=\"elementor-element elementor-element-3ba8be0 elementor-widget elementor-widget-text-editor\" data-id=\"3ba8be0\" data-element_type=\"widget\" data-e-type=\"widget\" data-widget_type=\"text-editor.default\">\n\t\t\t\t<div class=\"elementor-widget-container\">\n\t\t\t\t\t\t\t\t\t<p>Cr\u00e9ez facilement vos coffrets cadeaux pour les grandes occasions comme pour les petites attentions\u2026 \u00c0 vous le choix des bons produits qui composeront votre box cadeau !<\/p>\t\t\t\t\t\t\t\t<\/div>\n\t\t\t\t<\/div>\n\t\t\t\t\t<\/div>\n\t\t<\/div>\n\t\t\t\t\t<\/div>\n\t\t<\/section>\n\t\t\t\t<section class=\"elementor-section elementor-top-section elementor-element elementor-element-c8dba47 elementor-section-boxed elementor-section-height-default elementor-section-height-default\" data-id=\"c8dba47\" data-element_type=\"section\" data-e-type=\"section\">\n\t\t\t\t\t\t<div class=\"elementor-container elementor-column-gap-default\">\n\t\t\t\t\t<div class=\"elementor-column elementor-col-33 elementor-top-column elementor-element elementor-element-9724680\" data-id=\"9724680\" data-element_type=\"column\" data-e-type=\"column\">\n\t\t\t<div class=\"elementor-widget-wrap elementor-element-populated\">\n\t\t\t\t\t\t<div class=\"elementor-element elementor-element-b1da762 elementor-widget elementor-widget-image\" data-id=\"b1da762\" data-element_type=\"widget\" data-e-type=\"widget\" data-widget_type=\"image.default\">\n\t\t\t\t<div class=\"elementor-widget-container\">\n\t\t\t\t\t\t\t\t\t\t\t\t\t\t\t<img fetchpriority=\"high\" decoding=\"async\" width=\"500\" height=\"500\" src=\"https:\/\/box.gourmandinha.com\/wp-content\/uploads\/2022\/06\/Amazoninha-2.jpg\" class=\"attachment-large size-large wp-image-546\" alt=\"\" srcset=\"https:\/\/box.gourmandinha.com\/wp-content\/uploads\/2022\/06\/Amazoninha-2.jpg 500w, https:\/\/box.gourmandinha.com\/wp-content\/uploads\/2022\/06\/Amazoninha-2-100x100.jpg 100w, https:\/\/box.gourmandinha.com\/wp-content\/uploads\/2022\/06\/Amazoninha-2-300x300.jpg 300w, https:\/\/box.gourmandinha.com\/wp-content\/uploads\/2022\/06\/Amazoninha-2-150x150.jpg 150w, https:\/\/box.gourmandinha.com\/wp-content\/uploads\/2022\/06\/Amazoninha-2-380x380.jpg 380w, https:\/\/box.gourmandinha.com\/wp-content\/uploads\/2022\/06\/Amazoninha-2-420x420.jpg 420w\" sizes=\"(max-width: 500px) 100vw, 500px\" \/>\t\t\t\t\t\t\t\t\t\t\t\t\t\t\t<\/div>\n\t\t\t\t<\/div>\n\t\t\t\t\t<\/div>\n\t\t<\/div>\n\t\t\t\t<div class=\"elementor-column elementor-col-33 elementor-top-column elementor-element elementor-element-8fe136a\" data-id=\"8fe136a\" data-element_type=\"column\" data-e-type=\"column\">\n\t\t\t<div class=\"elementor-widget-wrap elementor-element-populated\">\n\t\t\t\t\t\t<div class=\"elementor-element elementor-element-56e869f elementor-widget elementor-widget-image\" data-id=\"56e869f\" data-element_type=\"widget\" data-e-type=\"widget\" data-widget_type=\"image.default\">\n\t\t\t\t<div class=\"elementor-widget-container\">\n\t\t\t\t\t\t\t\t\t\t\t\t\t\t\t<img decoding=\"async\" width=\"500\" height=\"500\" src=\"https:\/\/box.gourmandinha.com\/wp-content\/uploads\/2022\/06\/Coffee-lovers-grains-2.jpg\" class=\"attachment-large size-large wp-image-531\" alt=\"\" srcset=\"https:\/\/box.gourmandinha.com\/wp-content\/uploads\/2022\/06\/Coffee-lovers-grains-2.jpg 500w, https:\/\/box.gourmandinha.com\/wp-content\/uploads\/2022\/06\/Coffee-lovers-grains-2-100x100.jpg 100w, https:\/\/box.gourmandinha.com\/wp-content\/uploads\/2022\/06\/Coffee-lovers-grains-2-300x300.jpg 300w, https:\/\/box.gourmandinha.com\/wp-content\/uploads\/2022\/06\/Coffee-lovers-grains-2-150x150.jpg 150w, https:\/\/box.gourmandinha.com\/wp-content\/uploads\/2022\/06\/Coffee-lovers-grains-2-380x380.jpg 380w, https:\/\/box.gourmandinha.com\/wp-content\/uploads\/2022\/06\/Coffee-lovers-grains-2-420x420.jpg 420w\" sizes=\"(max-width: 500px) 100vw, 500px\" \/>\t\t\t\t\t\t\t\t\t\t\t\t\t\t\t<\/div>\n\t\t\t\t<\/div>\n\t\t\t\t\t<\/div>\n\t\t<\/div>\n\t\t\t\t<div class=\"elementor-column elementor-col-33 elementor-top-column elementor-element elementor-element-6f79928\" data-id=\"6f79928\" data-element_type=\"column\" data-e-type=\"column\">\n\t\t\t<div class=\"elementor-widget-wrap elementor-element-populated\">\n\t\t\t\t\t\t<div class=\"elementor-element elementor-element-144e4f7 elementor-widget elementor-widget-image\" data-id=\"144e4f7\" data-element_type=\"widget\" data-e-type=\"widget\" data-widget_type=\"image.default\">\n\t\t\t\t<div class=\"elementor-widget-container\">\n\t\t\t\t\t\t\t\t\t\t\t\t\t\t\t<img decoding=\"async\" width=\"500\" height=\"500\" src=\"https:\/\/box.gourmandinha.com\/wp-content\/uploads\/2022\/06\/Coffee-lovers-capsules-2.jpg\" class=\"attachment-large size-large wp-image-533\" alt=\"\" srcset=\"https:\/\/box.gourmandinha.com\/wp-content\/uploads\/2022\/06\/Coffee-lovers-capsules-2.jpg 500w, https:\/\/box.gourmandinha.com\/wp-content\/uploads\/2022\/06\/Coffee-lovers-capsules-2-100x100.jpg 100w, https:\/\/box.gourmandinha.com\/wp-content\/uploads\/2022\/06\/Coffee-lovers-capsules-2-300x300.jpg 300w, https:\/\/box.gourmandinha.com\/wp-content\/uploads\/2022\/06\/Coffee-lovers-capsules-2-150x150.jpg 150w, https:\/\/box.gourmandinha.com\/wp-content\/uploads\/2022\/06\/Coffee-lovers-capsules-2-380x380.jpg 380w, https:\/\/box.gourmandinha.com\/wp-content\/uploads\/2022\/06\/Coffee-lovers-capsules-2-420x420.jpg 420w\" sizes=\"(max-width: 500px) 100vw, 500px\" \/>\t\t\t\t\t\t\t\t\t\t\t\t\t\t\t<\/div>\n\t\t\t\t<\/div>\n\t\t\t\t\t<\/div>\n\t\t<\/div>\n\t\t\t\t\t<\/div>\n\t\t<\/section>\n\t\t\t\t<section class=\"elementor-section elementor-top-section elementor-element elementor-element-fc00f61 elementor-section-boxed elementor-section-height-default elementor-section-height-default\" data-id=\"fc00f61\" data-element_type=\"section\" data-e-type=\"section\">\n\t\t\t\t\t\t<div class=\"elementor-container elementor-column-gap-default\">\n\t\t\t\t\t<div class=\"elementor-column elementor-col-33 elementor-top-column elementor-element elementor-element-4ab677c\" data-id=\"4ab677c\" data-element_type=\"column\" data-e-type=\"column\">\n\t\t\t<div class=\"elementor-widget-wrap elementor-element-populated\">\n\t\t\t\t\t\t<div class=\"elementor-element elementor-element-7736973 elementor-widget elementor-widget-text-editor\" data-id=\"7736973\" data-element_type=\"widget\" data-e-type=\"widget\" data-widget_type=\"text-editor.default\">\n\t\t\t\t<div class=\"elementor-widget-container\">\n\t\t\t\t\t\t\t\t\t<h5>Je compose une grande box\u00a0<\/h5>\t\t\t\t\t\t\t\t<\/div>\n\t\t\t\t<\/div>\n\t\t\t\t\t<\/div>\n\t\t<\/div>\n\t\t\t\t<div class=\"elementor-column elementor-col-33 elementor-top-column elementor-element elementor-element-adbac39\" data-id=\"adbac39\" data-element_type=\"column\" data-e-type=\"column\">\n\t\t\t<div class=\"elementor-widget-wrap elementor-element-populated\">\n\t\t\t\t\t\t<div class=\"elementor-element elementor-element-0418c63 elementor-widget elementor-widget-text-editor\" data-id=\"0418c63\" data-element_type=\"widget\" data-e-type=\"widget\" data-widget_type=\"text-editor.default\">\n\t\t\t\t<div class=\"elementor-widget-container\">\n\t\t\t\t\t\t\t\t\t<h5>Je compose une petite box<\/h5>\t\t\t\t\t\t\t\t<\/div>\n\t\t\t\t<\/div>\n\t\t\t\t\t<\/div>\n\t\t<\/div>\n\t\t\t\t<div class=\"elementor-column elementor-col-33 elementor-top-column elementor-element elementor-element-47f20fa\" data-id=\"47f20fa\" data-element_type=\"column\" data-e-type=\"column\">\n\t\t\t<div class=\"elementor-widget-wrap elementor-element-populated\">\n\t\t\t\t\t\t<div class=\"elementor-element elementor-element-806babe elementor-widget elementor-widget-text-editor\" data-id=\"806babe\" data-element_type=\"widget\" data-e-type=\"widget\" data-widget_type=\"text-editor.default\">\n\t\t\t\t<div class=\"elementor-widget-container\">\n\t\t\t\t\t\t\t\t\t<h5 style=\"caret-color: #000000; color: #000000;\">Je compose une mini box\u00a0<\/h5>\t\t\t\t\t\t\t\t<\/div>\n\t\t\t\t<\/div>\n\t\t\t\t\t<\/div>\n\t\t<\/div>\n\t\t\t\t\t<\/div>\n\t\t<\/section>\n\t\t\t\t<section class=\"elementor-section elementor-top-section elementor-element elementor-element-9c0e259 elementor-section-boxed elementor-section-height-default elementor-section-height-default\" data-id=\"9c0e259\" data-element_type=\"section\" data-e-type=\"section\">\n\t\t\t\t\t\t<div class=\"elementor-container elementor-column-gap-default\">\n\t\t\t\t\t<div class=\"elementor-column elementor-col-33 elementor-top-column elementor-element elementor-element-630892b\" data-id=\"630892b\" data-element_type=\"column\" data-e-type=\"column\">\n\t\t\t<div class=\"elementor-widget-wrap elementor-element-populated\">\n\t\t\t\t\t\t<div class=\"elementor-element elementor-element-316726b elementor-widget elementor-widget-text-editor\" data-id=\"316726b\" data-element_type=\"widget\" data-e-type=\"widget\" data-widget_type=\"text-editor.default\">\n\t\t\t\t<div class=\"elementor-widget-container\">\n\t\t\t\t\t\t\t\t\t<p><span style=\"text-align: center;\">5-6 produits + 1 carte<\/span><\/p>\t\t\t\t\t\t\t\t<\/div>\n\t\t\t\t<\/div>\n\t\t\t\t\t<\/div>\n\t\t<\/div>\n\t\t\t\t<div class=\"elementor-column elementor-col-33 elementor-top-column elementor-element elementor-element-4f44902\" data-id=\"4f44902\" data-element_type=\"column\" data-e-type=\"column\">\n\t\t\t<div class=\"elementor-widget-wrap elementor-element-populated\">\n\t\t\t\t\t\t<div class=\"elementor-element elementor-element-3b32b4f elementor-widget elementor-widget-text-editor\" data-id=\"3b32b4f\" data-element_type=\"widget\" data-e-type=\"widget\" data-widget_type=\"text-editor.default\">\n\t\t\t\t<div class=\"elementor-widget-container\">\n\t\t\t\t\t\t\t\t\t<p>4-5 produits + 1 carte<\/p>\t\t\t\t\t\t\t\t<\/div>\n\t\t\t\t<\/div>\n\t\t\t\t\t<\/div>\n\t\t<\/div>\n\t\t\t\t<div class=\"elementor-column elementor-col-33 elementor-top-column elementor-element elementor-element-a69ce35\" data-id=\"a69ce35\" data-element_type=\"column\" data-e-type=\"column\">\n\t\t\t<div class=\"elementor-widget-wrap elementor-element-populated\">\n\t\t\t\t\t\t<div class=\"elementor-element elementor-element-ef99df1 elementor-widget elementor-widget-text-editor\" data-id=\"ef99df1\" data-element_type=\"widget\" data-e-type=\"widget\" data-widget_type=\"text-editor.default\">\n\t\t\t\t<div class=\"elementor-widget-container\">\n\t\t\t\t\t\t\t\t\t<p>3-4 produits + 1 carte<\/p>\t\t\t\t\t\t\t\t<\/div>\n\t\t\t\t<\/div>\n\t\t\t\t\t<\/div>\n\t\t<\/div>\n\t\t\t\t\t<\/div>\n\t\t<\/section>\n\t\t\t\t<section class=\"elementor-section elementor-top-section elementor-element elementor-element-fa66685 elementor-section-boxed elementor-section-height-default elementor-section-height-default\" data-id=\"fa66685\" data-element_type=\"section\" data-e-type=\"section\">\n\t\t\t\t\t\t<div class=\"elementor-container elementor-column-gap-default\">\n\t\t\t\t\t<div class=\"elementor-column elementor-col-100 elementor-top-column elementor-element elementor-element-c3d41d8\" data-id=\"c3d41d8\" data-element_type=\"column\" data-e-type=\"column\">\n\t\t\t<div class=\"elementor-widget-wrap elementor-element-populated\">\n\t\t\t\t\t\t<div class=\"elementor-element elementor-element-8fd76af elementor-widget elementor-widget-text-editor\" data-id=\"8fd76af\" data-element_type=\"widget\" data-e-type=\"widget\" data-widget_type=\"text-editor.default\">\n\t\t\t\t<div class=\"elementor-widget-container\">\n\t\t\t\t\t\t\t\t\t<p style=\"margin-right: 0px; margin-left: 0px; font-stretch: normal; font-size: 18px; line-height: normal; font-family: Helvetica; color: #000000; -webkit-text-stroke-width: initial; -webkit-text-stroke-color: #000000;\"><span style=\"font-variant-ligatures: no-common-ligatures;\">*Ceci n&#8217;est qu&#8217;un exemple de quantit\u00e9, si vous souhaitez tout recevoir dans une seule bo\u00eete. Mais vous pouvez toujours commander autant de produits que vous le souhaitez et le recevoir dans plusieurs bo\u00eetes.<\/span><\/p>\t\t\t\t\t\t\t\t<\/div>\n\t\t\t\t<\/div>\n\t\t\t\t\t<\/div>\n\t\t<\/div>\n\t\t\t\t\t<\/div>\n\t\t<\/section>\n\t\t\t\t<\/div>\n\t\t","protected":false},"excerpt":{"rendered":"<p>Le concept Cr\u00e9ez facilement vos coffrets cadeaux pour les grandes occasions comme pour les petites attentions\u2026 \u00c0 vous le choix des bons produits qui composeront votre box cadeau ! Je compose une grande box\u00a0 Je compose une petite box Je compose une mini box\u00a0 5-6 produits + 1 carte 4-5 produits + 1 carte 3-4 [&hellip;]<\/p>\n","protected":false},"author":1,"featured_media":0,"parent":0,"menu_order":0,"comment_status":"closed","ping_status":"closed","template":"","meta":{"footnotes":""},"class_list":["post-14","page","type-page","status-publish","hentry","entry","owp-thumbs-layout-horizontal","owp-btn-normal","owp-tabs-layout-horizontal","has-no-thumbnails","circle-sale"],"yoast_head":"<!-- This site is optimized with the Yoast SEO plugin v27.4 - https:\/\/yoast.com\/product\/yoast-seo-wordpress\/ -->\n<title>Je compose ma box - Gourmandinha<\/title>\n<meta name=\"robots\" content=\"index, follow, max-snippet:-1, max-image-preview:large, max-video-preview:-1\" \/>\n<link rel=\"canonical\" href=\"https:\/\/box.gourmandinha.com\/index.php\/je-compose-ma-box\/\" \/>\n<meta property=\"og:locale\" content=\"fr_FR\" \/>\n<meta property=\"og:type\" content=\"article\" \/>\n<meta property=\"og:title\" content=\"Je compose ma box - Gourmandinha\" \/>\n<meta property=\"og:description\" content=\"Le concept Cr\u00e9ez facilement vos coffrets cadeaux pour les grandes occasions comme pour les petites attentions\u2026 \u00c0 vous le choix des bons produits qui composeront votre box cadeau ! Je compose une grande box\u00a0 Je compose une petite box Je compose une mini box\u00a0 5-6 produits + 1 carte 4-5 produits + 1 carte 3-4 [&hellip;]\" \/>\n<meta property=\"og:url\" content=\"https:\/\/box.gourmandinha.com\/index.php\/je-compose-ma-box\/\" \/>\n<meta property=\"og:site_name\" content=\"Gourmandinha\" \/>\n<meta property=\"article:modified_time\" content=\"2022-08-05T10:47:27+00:00\" \/>\n<meta property=\"og:image\" content=\"https:\/\/box.gourmandinha.com\/wp-content\/uploads\/2022\/06\/Amazoninha-2.jpg\" \/>\n<meta name=\"twitter:card\" content=\"summary_large_image\" \/>\n<meta name=\"twitter:label1\" content=\"Dur\u00e9e de lecture estim\u00e9e\" \/>\n\t<meta name=\"twitter:data1\" content=\"2 minutes\" \/>\n<script type=\"application\/ld+json\" class=\"yoast-schema-graph\">{\"@context\":\"https:\\\/\\\/schema.org\",\"@graph\":[{\"@type\":\"WebPage\",\"@id\":\"https:\\\/\\\/box.gourmandinha.com\\\/index.php\\\/je-compose-ma-box\\\/\",\"url\":\"https:\\\/\\\/box.gourmandinha.com\\\/index.php\\\/je-compose-ma-box\\\/\",\"name\":\"Je compose ma box - Gourmandinha\",\"isPartOf\":{\"@id\":\"https:\\\/\\\/box.gourmandinha.com\\\/#website\"},\"primaryImageOfPage\":{\"@id\":\"https:\\\/\\\/box.gourmandinha.com\\\/index.php\\\/je-compose-ma-box\\\/#primaryimage\"},\"image\":{\"@id\":\"https:\\\/\\\/box.gourmandinha.com\\\/index.php\\\/je-compose-ma-box\\\/#primaryimage\"},\"thumbnailUrl\":\"https:\\\/\\\/box.gourmandinha.com\\\/wp-content\\\/uploads\\\/2022\\\/06\\\/Amazoninha-2.jpg\",\"datePublished\":\"2022-05-23T19:23:16+00:00\",\"dateModified\":\"2022-08-05T10:47:27+00:00\",\"breadcrumb\":{\"@id\":\"https:\\\/\\\/box.gourmandinha.com\\\/index.php\\\/je-compose-ma-box\\\/#breadcrumb\"},\"inLanguage\":\"fr-FR\",\"potentialAction\":[{\"@type\":\"ReadAction\",\"target\":[\"https:\\\/\\\/box.gourmandinha.com\\\/index.php\\\/je-compose-ma-box\\\/\"]}]},{\"@type\":\"ImageObject\",\"inLanguage\":\"fr-FR\",\"@id\":\"https:\\\/\\\/box.gourmandinha.com\\\/index.php\\\/je-compose-ma-box\\\/#primaryimage\",\"url\":\"https:\\\/\\\/box.gourmandinha.com\\\/wp-content\\\/uploads\\\/2022\\\/06\\\/Amazoninha-2.jpg\",\"contentUrl\":\"https:\\\/\\\/box.gourmandinha.com\\\/wp-content\\\/uploads\\\/2022\\\/06\\\/Amazoninha-2.jpg\",\"width\":500,\"height\":500},{\"@type\":\"BreadcrumbList\",\"@id\":\"https:\\\/\\\/box.gourmandinha.com\\\/index.php\\\/je-compose-ma-box\\\/#breadcrumb\",\"itemListElement\":[{\"@type\":\"ListItem\",\"position\":1,\"name\":\"Accueil\",\"item\":\"https:\\\/\\\/box.gourmandinha.com\\\/\"},{\"@type\":\"ListItem\",\"position\":2,\"name\":\"Je compose ma box\"}]},{\"@type\":\"WebSite\",\"@id\":\"https:\\\/\\\/box.gourmandinha.com\\\/#website\",\"url\":\"https:\\\/\\\/box.gourmandinha.com\\\/\",\"name\":\"Gourmandinha\",\"description\":\"\",\"publisher\":{\"@id\":\"https:\\\/\\\/box.gourmandinha.com\\\/#organization\"},\"potentialAction\":[{\"@type\":\"SearchAction\",\"target\":{\"@type\":\"EntryPoint\",\"urlTemplate\":\"https:\\\/\\\/box.gourmandinha.com\\\/?s={search_term_string}\"},\"query-input\":{\"@type\":\"PropertyValueSpecification\",\"valueRequired\":true,\"valueName\":\"search_term_string\"}}],\"inLanguage\":\"fr-FR\"},{\"@type\":\"Organization\",\"@id\":\"https:\\\/\\\/box.gourmandinha.com\\\/#organization\",\"name\":\"Gourmandinha\",\"url\":\"https:\\\/\\\/box.gourmandinha.com\\\/\",\"logo\":{\"@type\":\"ImageObject\",\"inLanguage\":\"fr-FR\",\"@id\":\"https:\\\/\\\/box.gourmandinha.com\\\/#\\\/schema\\\/logo\\\/image\\\/\",\"url\":\"https:\\\/\\\/box.gourmandinha.com\\\/wp-content\\\/uploads\\\/2022\\\/06\\\/cropped-Ativo-224.png\",\"contentUrl\":\"https:\\\/\\\/box.gourmandinha.com\\\/wp-content\\\/uploads\\\/2022\\\/06\\\/cropped-Ativo-224.png\",\"width\":2836,\"height\":466,\"caption\":\"Gourmandinha\"},\"image\":{\"@id\":\"https:\\\/\\\/box.gourmandinha.com\\\/#\\\/schema\\\/logo\\\/image\\\/\"}}]}<\/script>\n<!-- \/ Yoast SEO plugin. -->","yoast_head_json":{"title":"Je compose ma box - Gourmandinha","robots":{"index":"index","follow":"follow","max-snippet":"max-snippet:-1","max-image-preview":"max-image-preview:large","max-video-preview":"max-video-preview:-1"},"canonical":"https:\/\/box.gourmandinha.com\/index.php\/je-compose-ma-box\/","og_locale":"fr_FR","og_type":"article","og_title":"Je compose ma box - Gourmandinha","og_description":"Le concept Cr\u00e9ez facilement vos coffrets cadeaux pour les grandes occasions comme pour les petites attentions\u2026 \u00c0 vous le choix des bons produits qui composeront votre box cadeau ! Je compose une grande box\u00a0 Je compose une petite box Je compose une mini box\u00a0 5-6 produits + 1 carte 4-5 produits + 1 carte 3-4 [&hellip;]","og_url":"https:\/\/box.gourmandinha.com\/index.php\/je-compose-ma-box\/","og_site_name":"Gourmandinha","article_modified_time":"2022-08-05T10:47:27+00:00","og_image":[{"url":"https:\/\/box.gourmandinha.com\/wp-content\/uploads\/2022\/06\/Amazoninha-2.jpg","type":"","width":"","height":""}],"twitter_card":"summary_large_image","twitter_misc":{"Dur\u00e9e de lecture estim\u00e9e":"2 minutes"},"schema":{"@context":"https:\/\/schema.org","@graph":[{"@type":"WebPage","@id":"https:\/\/box.gourmandinha.com\/index.php\/je-compose-ma-box\/","url":"https:\/\/box.gourmandinha.com\/index.php\/je-compose-ma-box\/","name":"Je compose ma box - Gourmandinha","isPartOf":{"@id":"https:\/\/box.gourmandinha.com\/#website"},"primaryImageOfPage":{"@id":"https:\/\/box.gourmandinha.com\/index.php\/je-compose-ma-box\/#primaryimage"},"image":{"@id":"https:\/\/box.gourmandinha.com\/index.php\/je-compose-ma-box\/#primaryimage"},"thumbnailUrl":"https:\/\/box.gourmandinha.com\/wp-content\/uploads\/2022\/06\/Amazoninha-2.jpg","datePublished":"2022-05-23T19:23:16+00:00","dateModified":"2022-08-05T10:47:27+00:00","breadcrumb":{"@id":"https:\/\/box.gourmandinha.com\/index.php\/je-compose-ma-box\/#breadcrumb"},"inLanguage":"fr-FR","potentialAction":[{"@type":"ReadAction","target":["https:\/\/box.gourmandinha.com\/index.php\/je-compose-ma-box\/"]}]},{"@type":"ImageObject","inLanguage":"fr-FR","@id":"https:\/\/box.gourmandinha.com\/index.php\/je-compose-ma-box\/#primaryimage","url":"https:\/\/box.gourmandinha.com\/wp-content\/uploads\/2022\/06\/Amazoninha-2.jpg","contentUrl":"https:\/\/box.gourmandinha.com\/wp-content\/uploads\/2022\/06\/Amazoninha-2.jpg","width":500,"height":500},{"@type":"BreadcrumbList","@id":"https:\/\/box.gourmandinha.com\/index.php\/je-compose-ma-box\/#breadcrumb","itemListElement":[{"@type":"ListItem","position":1,"name":"Accueil","item":"https:\/\/box.gourmandinha.com\/"},{"@type":"ListItem","position":2,"name":"Je compose ma box"}]},{"@type":"WebSite","@id":"https:\/\/box.gourmandinha.com\/#website","url":"https:\/\/box.gourmandinha.com\/","name":"Gourmandinha","description":"","publisher":{"@id":"https:\/\/box.gourmandinha.com\/#organization"},"potentialAction":[{"@type":"SearchAction","target":{"@type":"EntryPoint","urlTemplate":"https:\/\/box.gourmandinha.com\/?s={search_term_string}"},"query-input":{"@type":"PropertyValueSpecification","valueRequired":true,"valueName":"search_term_string"}}],"inLanguage":"fr-FR"},{"@type":"Organization","@id":"https:\/\/box.gourmandinha.com\/#organization","name":"Gourmandinha","url":"https:\/\/box.gourmandinha.com\/","logo":{"@type":"ImageObject","inLanguage":"fr-FR","@id":"https:\/\/box.gourmandinha.com\/#\/schema\/logo\/image\/","url":"https:\/\/box.gourmandinha.com\/wp-content\/uploads\/2022\/06\/cropped-Ativo-224.png","contentUrl":"https:\/\/box.gourmandinha.com\/wp-content\/uploads\/2022\/06\/cropped-Ativo-224.png","width":2836,"height":466,"caption":"Gourmandinha"},"image":{"@id":"https:\/\/box.gourmandinha.com\/#\/schema\/logo\/image\/"}}]}},"_links":{"self":[{"href":"https:\/\/box.gourmandinha.com\/index.php\/wp-json\/wp\/v2\/pages\/14","targetHints":{"allow":["GET"]}}],"collection":[{"href":"https:\/\/box.gourmandinha.com\/index.php\/wp-json\/wp\/v2\/pages"}],"about":[{"href":"https:\/\/box.gourmandinha.com\/index.php\/wp-json\/wp\/v2\/types\/page"}],"author":[{"embeddable":true,"href":"https:\/\/box.gourmandinha.com\/index.php\/wp-json\/wp\/v2\/users\/1"}],"replies":[{"embeddable":true,"href":"https:\/\/box.gourmandinha.com\/index.php\/wp-json\/wp\/v2\/comments?post=14"}],"version-history":[{"count":0,"href":"https:\/\/box.gourmandinha.com\/index.php\/wp-json\/wp\/v2\/pages\/14\/revisions"}],"wp:attachment":[{"href":"https:\/\/box.gourmandinha.com\/index.php\/wp-json\/wp\/v2\/media?parent=14"}],"curies":[{"name":"wp","href":"https:\/\/api.w.org\/{rel}","templated":true}]}}