{"id":15,"date":"2022-05-23T21:23:16","date_gmt":"2022-05-23T19:23:16","guid":{"rendered":"http:\/\/box.gourmandinha.com\/?page_id=15"},"modified":"2022-07-01T22:29:08","modified_gmt":"2022-07-01T20:29:08","slug":"abonnements","status":"publish","type":"page","link":"https:\/\/box.gourmandinha.com\/index.php\/abonnements\/","title":{"rendered":"Abonnements"},"content":{"rendered":"\n<h3 class=\"wp-block-heading\">Box mensuelle<\/h3>\n\n\n\n<div class=\"wp-block-cover\"><span aria-hidden=\"true\" class=\"wp-block-cover__background has-background-dim-70 has-background-dim\" style=\"background-color:#003333\"><\/span><img fetchpriority=\"high\" decoding=\"async\" width=\"1024\" height=\"575\" class=\"wp-block-cover__image-background wp-image-142\" alt=\"\" src=\"https:\/\/box.gourmandinha.com\/wp-content\/uploads\/2022\/06\/06-edited-1024x575.png\" data-object-fit=\"cover\" srcset=\"https:\/\/box.gourmandinha.com\/wp-content\/uploads\/2022\/06\/06-edited-1024x575.png 1024w, https:\/\/box.gourmandinha.com\/wp-content\/uploads\/2022\/06\/06-edited-600x337.png 600w, https:\/\/box.gourmandinha.com\/wp-content\/uploads\/2022\/06\/06-edited-300x169.png 300w, https:\/\/box.gourmandinha.com\/wp-content\/uploads\/2022\/06\/06-edited-768x432.png 768w, https:\/\/box.gourmandinha.com\/wp-content\/uploads\/2022\/06\/06-edited-1536x863.png 1536w, https:\/\/box.gourmandinha.com\/wp-content\/uploads\/2022\/06\/06-edited-800x450.png 800w, https:\/\/box.gourmandinha.com\/wp-content\/uploads\/2022\/06\/06-edited.png 1920w\" sizes=\"(max-width: 1024px) 100vw, 1024px\" \/><div class=\"wp-block-cover__inner-container is-layout-flow wp-block-cover-is-layout-flow\">\n<p class=\"has-text-align-center banniere-typo has-text-color has-huge-font-size\" style=\"color:#d4af37\"><strong>D\u00e9couvrez chaque mois, une box gourmande originale<\/strong><\/p>\n<\/div><\/div>\n\n\n\n<p>Chaque mois, embarquez pour un voyage gastronomique sans bouger de chez vous. Savourez au fil des mois une s\u00e9lection de produits gastronomiques haut de gamme \u00e0 offrir ou pour se faire plaisir.<\/p>\n\n\n\n<p>Tous les mois, 5 \u00e0 10 produits sont s\u00e9lectionn\u00e9s rigoureusement pour vous permettre de partir \u00e0 la d\u00e9couverte de nouvelles saveurs culinaires.&nbsp;Du sucr\u00e9 au sal\u00e9, chacune des box est pens\u00e9e pour ravir les plus fins gourmets.<\/p>\n\n\n\n<p><\/p>\n\n\n\n<h5 class=\"wp-block-heading\">Comment \u00e7a marche<\/h5>\n\n\n\n<ol class=\"wp-block-list\"><li>Choisissez l&#8217;abonnement que vous souhaitez.<\/li><li>Le 1er coffret cadeau de votre abonnement sera envoy\u00e9 d\u00e8s r\u00e9ception de votre commande ou \u00e0 la date souhait\u00e9e si vous nous l&#8217;indiquez dans les options pr\u00e9vues \u00e0 cet effet durant le processus de commande.<\/li><li>D\u00e9couvrez les produits gastronomiques qui se cachent dans la box<\/li><li>Faites partager vos trouvailles et retrouvez tous les produits de la box sur le site<\/li><\/ol>\n\n\n\n<h5 class=\"wp-block-heading\">D\u00e9couvrez chaque mois, une box gourmande originale<\/h5>\n\n\n<div class=\"wp-block-wptb-table-block\"><div class=\"wptb-container-legacy\" data-table-id=\"91\">\n    <table class=\"wptb-preview-table wptb-element-main-table_setting-91\" data-reconstraction=\"1\" style=\"border: 1px solid rgb(209, 209, 209);\" data-wptb-table-tds-sum-max-width=\"525\" data-wptb-cells-width-auto-count=\"4\" data-wptb-horizontal-scroll-status=\"false\" data-wptb-extra-styles=\"LyogRW50ZXIgeW91ciBjdXN0b20gQ1NTIHJ1bGVzIGhlcmUgKi8=\" role=\"table\" data-wptb-table-alignment=\"center\" data-table-columns=\"4\" data-wptb-header-background-color=\"#003333FF\" data-wptb-odd-row-background-color=\"#00000000\"><tbody><tr class=\"wptb-row\" style=\"background-color: rgb(0, 51, 51);\"><td class=\"wptb-cell\" data-y-index=\"0\" data-x-index=\"0\" style=\"border: 1px solid rgb(209, 209, 209);\" data-wptb-css-td-auto-width=\"true\"><div class=\"wptb-text-container wptb-ph-element wptb-element-text-76\" style=\"color: rgb(212, 175, 55); font-size: 20px;\"><div class=\"\" style=\"position: relative;\"><p style=\"text-align: center;\">1 mois<\/p><\/div><\/div><\/td><td class=\"wptb-cell\" data-y-index=\"0\" data-x-index=\"1\" style=\"border: 1px solid rgb(209, 209, 209);\" data-wptb-css-td-auto-width=\"true\"><div class=\"wptb-text-container wptb-ph-element wptb-element-text-53\" style=\"color: rgb(212, 175, 55); font-size: 20px;\"><div class=\"\" style=\"position: relative;\"><p style=\"text-align: center;\">2 mois<\/p><\/div><\/div><div class=\"wptb-text-container wptb-ph-element wptb-element-text-73\" style=\"color: rgb(212, 175, 55); font-size: 15px;\"><div class=\"\" style=\"position: relative;\"><p class=\"\" style=\"text-align: center;\"><strong>Economisez 5 \u20ac<\/strong><\/p><\/div><\/div><\/td><td class=\"wptb-cell\" data-y-index=\"0\" data-x-index=\"2\" style=\"border: 1px solid rgb(209, 209, 209);\" data-wptb-css-td-auto-width=\"true\"><div class=\"wptb-text-container wptb-ph-element wptb-element-text-54\" style=\"color: rgb(212, 175, 55); font-size: 20px;\"><div class=\"\" style=\"position: relative;\"><p style=\"text-align: center;\">3 mois<\/p><\/div><\/div><div class=\"wptb-text-container wptb-ph-element wptb-element-text-74\" style=\"color: rgb(212, 175, 55); font-size: 15px;\"><div class=\"\" style=\"position: relative;\"><p class=\"\" style=\"text-align: center;\"><strong>Economisez 15 \u20ac<\/strong><\/p><\/div><\/div><\/td><td class=\"wptb-cell\" data-y-index=\"0\" data-x-index=\"3\" style=\"border: 1px solid rgb(209, 209, 209);\" data-wptb-css-td-auto-width=\"true\"><div class=\"wptb-text-container wptb-ph-element wptb-element-text-55\" style=\"color: rgb(212, 175, 55); font-size: 20px;\"><div class=\"\" style=\"position: relative;\"><p style=\"text-align: center;\">6 mois<\/p><p><\/p><\/div><\/div><div class=\"wptb-text-container wptb-ph-element wptb-element-text-75\" style=\"color: rgb(212, 175, 55); font-size: 15px;\"><div class=\"\" style=\"position: relative;\"><p style=\"text-align: center;\"><strong>Economisez 50 \u20ac<\/strong><\/p><\/div><\/div><\/td><\/tr><tr class=\"wptb-row\"><td class=\"wptb-cell\" data-y-index=\"1\" data-x-index=\"0\" style=\"border: 1px solid rgb(209, 209, 209);\" data-wptb-css-td-auto-width=\"true\"><div class=\"wptb-text-container wptb-ph-element wptb-element-text-56\" style=\"color: rgb(74, 85, 104); font-size: 15px;\"><div class=\"\" style=\"position: relative;\"><p>+ frais de ports<\/p><\/div><\/div><\/td><td class=\"wptb-cell\" data-y-index=\"1\" data-x-index=\"1\" style=\"border: 1px solid rgb(209, 209, 209);\" data-wptb-css-td-auto-width=\"true\"><div class=\"wptb-text-container wptb-ph-element wptb-element-text-57\" style=\"color: rgb(74, 85, 104); font-size: 15px;\"><div class=\"\" style=\"position: relative;\"><p>+ frais de ports<\/p><\/div><\/div><\/td><td class=\"wptb-cell\" data-y-index=\"1\" data-x-index=\"2\" style=\"border: 1px solid rgb(209, 209, 209);\" data-wptb-css-td-auto-width=\"true\"><div class=\"wptb-text-container wptb-ph-element wptb-element-text-58\" style=\"color: rgb(74, 85, 104); font-size: 15px;\"><div class=\"\" style=\"position: relative;\"><p>+ frais de ports<\/p><\/div><\/div><\/td><td class=\"wptb-cell\" data-y-index=\"1\" data-x-index=\"3\" style=\"border: 1px solid rgb(209, 209, 209);\" data-wptb-css-td-auto-width=\"true\"><div class=\"wptb-text-container wptb-ph-element wptb-element-text-59\" style=\"color: rgb(74, 85, 104); font-size: 15px;\"><div class=\"\" style=\"position: relative;\"><p>+ frais de ports<\/p><\/div><\/div><\/td><\/tr><tr class=\"wptb-row\" style=\"background-color: rgba(0, 0, 0, 0);\"><td class=\"wptb-cell\" data-y-index=\"2\" data-x-index=\"0\" style=\"border: 1px solid rgb(209, 209, 209);\" data-wptb-css-td-auto-width=\"true\"><div class=\"wptb-text-container wptb-ph-element wptb-element-text-60\" style=\"color: rgb(0, 51, 51); font-size: 18px;\"><div class=\"\" style=\"position: relative;\"><p style=\"text-align: center;\"><strong>65 \u20ac<\/strong><\/p><\/div><\/div><\/td><td class=\"wptb-cell\" data-y-index=\"2\" data-x-index=\"1\" style=\"border: 1px solid rgb(209, 209, 209);\" data-wptb-css-td-auto-width=\"true\"><div class=\"wptb-text-container wptb-ph-element wptb-element-text-61\" style=\"color: rgb(0, 51, 51); font-size: 18px;\"><div class=\"\" style=\"position: relative;\"><p style=\"text-align: center;\"><strong>125 \u20ac<\/strong><\/p><\/div><\/div><\/td><td class=\"wptb-cell\" data-y-index=\"2\" data-x-index=\"2\" style=\"border: 1px solid rgb(209, 209, 209);\" data-wptb-css-td-auto-width=\"true\"><div class=\"wptb-text-container wptb-ph-element wptb-element-text-62\" style=\"color: rgb(0, 51, 51); font-size: 18px;\"><div class=\"\" style=\"position: relative;\"><p style=\"text-align: center;\"><strong>180 \u20ac<\/strong><\/p><\/div><\/div><\/td><td class=\"wptb-cell\" data-y-index=\"2\" data-x-index=\"3\" style=\"border: 1px solid rgb(209, 209, 209);\" data-wptb-css-td-auto-width=\"true\"><div class=\"wptb-text-container wptb-ph-element wptb-element-text-63\" style=\"color: rgb(0, 51, 51); font-size: 18px;\"><div class=\"\" style=\"position: relative;\"><p style=\"text-align: center;\"><strong>340 \u20ac<\/strong><\/p><\/div><\/div><\/td><\/tr><\/tbody><\/table>\n<\/div>\n<\/div>","protected":false},"excerpt":{"rendered":"<p>Box mensuelle Chaque mois, embarquez pour un voyage gastronomique sans bouger de chez vous. Savourez au fil des mois une s\u00e9lection de produits gastronomiques haut de gamme \u00e0 offrir ou pour se faire plaisir. Tous les mois, 5 \u00e0 10 produits sont s\u00e9lectionn\u00e9s rigoureusement pour vous permettre de partir \u00e0 la d\u00e9couverte de nouvelles saveurs [&hellip;]<\/p>\n","protected":false},"author":1,"featured_media":0,"parent":0,"menu_order":0,"comment_status":"closed","ping_status":"closed","template":"","meta":{"footnotes":""},"class_list":["post-15","page","type-page","status-publish","hentry","entry","owp-thumbs-layout-horizontal","owp-btn-normal","owp-tabs-layout-horizontal","has-no-thumbnails","circle-sale"],"yoast_head":"<!-- This site is optimized with the Yoast SEO plugin v27.4 - https:\/\/yoast.com\/product\/yoast-seo-wordpress\/ -->\n<title>Abonnements - Gourmandinha<\/title>\n<meta name=\"robots\" content=\"index, follow, max-snippet:-1, max-image-preview:large, max-video-preview:-1\" \/>\n<link rel=\"canonical\" href=\"https:\/\/box.gourmandinha.com\/index.php\/abonnements\/\" \/>\n<meta property=\"og:locale\" content=\"fr_FR\" \/>\n<meta property=\"og:type\" content=\"article\" \/>\n<meta property=\"og:title\" content=\"Abonnements - Gourmandinha\" \/>\n<meta property=\"og:description\" content=\"Box mensuelle Chaque mois, embarquez pour un voyage gastronomique sans bouger de chez vous. Savourez au fil des mois une s\u00e9lection de produits gastronomiques haut de gamme \u00e0 offrir ou pour se faire plaisir. Tous les mois, 5 \u00e0 10 produits sont s\u00e9lectionn\u00e9s rigoureusement pour vous permettre de partir \u00e0 la d\u00e9couverte de nouvelles saveurs [&hellip;]\" \/>\n<meta property=\"og:url\" content=\"https:\/\/box.gourmandinha.com\/index.php\/abonnements\/\" \/>\n<meta property=\"og:site_name\" content=\"Gourmandinha\" \/>\n<meta property=\"article:modified_time\" content=\"2022-07-01T20:29:08+00:00\" \/>\n<meta property=\"og:image\" content=\"https:\/\/box.gourmandinha.com\/wp-content\/uploads\/2022\/06\/06-edited-1024x575.png\" \/>\n<meta name=\"twitter:card\" content=\"summary_large_image\" \/>\n<meta name=\"twitter:label1\" content=\"Dur\u00e9e de lecture estim\u00e9e\" \/>\n\t<meta name=\"twitter:data1\" content=\"1 minute\" \/>\n<script type=\"application\/ld+json\" class=\"yoast-schema-graph\">{\"@context\":\"https:\\\/\\\/schema.org\",\"@graph\":[{\"@type\":\"WebPage\",\"@id\":\"https:\\\/\\\/box.gourmandinha.com\\\/index.php\\\/abonnements\\\/\",\"url\":\"https:\\\/\\\/box.gourmandinha.com\\\/index.php\\\/abonnements\\\/\",\"name\":\"Abonnements - Gourmandinha\",\"isPartOf\":{\"@id\":\"https:\\\/\\\/box.gourmandinha.com\\\/#website\"},\"primaryImageOfPage\":{\"@id\":\"https:\\\/\\\/box.gourmandinha.com\\\/index.php\\\/abonnements\\\/#primaryimage\"},\"image\":{\"@id\":\"https:\\\/\\\/box.gourmandinha.com\\\/index.php\\\/abonnements\\\/#primaryimage\"},\"thumbnailUrl\":\"https:\\\/\\\/box.gourmandinha.com\\\/wp-content\\\/uploads\\\/2022\\\/06\\\/06-edited-1024x575.png\",\"datePublished\":\"2022-05-23T19:23:16+00:00\",\"dateModified\":\"2022-07-01T20:29:08+00:00\",\"breadcrumb\":{\"@id\":\"https:\\\/\\\/box.gourmandinha.com\\\/index.php\\\/abonnements\\\/#breadcrumb\"},\"inLanguage\":\"fr-FR\",\"potentialAction\":[{\"@type\":\"ReadAction\",\"target\":[\"https:\\\/\\\/box.gourmandinha.com\\\/index.php\\\/abonnements\\\/\"]}]},{\"@type\":\"ImageObject\",\"inLanguage\":\"fr-FR\",\"@id\":\"https:\\\/\\\/box.gourmandinha.com\\\/index.php\\\/abonnements\\\/#primaryimage\",\"url\":\"https:\\\/\\\/box.gourmandinha.com\\\/wp-content\\\/uploads\\\/2022\\\/06\\\/06-edited.png\",\"contentUrl\":\"https:\\\/\\\/box.gourmandinha.com\\\/wp-content\\\/uploads\\\/2022\\\/06\\\/06-edited.png\",\"width\":1920,\"height\":1079},{\"@type\":\"BreadcrumbList\",\"@id\":\"https:\\\/\\\/box.gourmandinha.com\\\/index.php\\\/abonnements\\\/#breadcrumb\",\"itemListElement\":[{\"@type\":\"ListItem\",\"position\":1,\"name\":\"Accueil\",\"item\":\"https:\\\/\\\/box.gourmandinha.com\\\/\"},{\"@type\":\"ListItem\",\"position\":2,\"name\":\"Abonnements\"}]},{\"@type\":\"WebSite\",\"@id\":\"https:\\\/\\\/box.gourmandinha.com\\\/#website\",\"url\":\"https:\\\/\\\/box.gourmandinha.com\\\/\",\"name\":\"Gourmandinha\",\"description\":\"\",\"publisher\":{\"@id\":\"https:\\\/\\\/box.gourmandinha.com\\\/#organization\"},\"potentialAction\":[{\"@type\":\"SearchAction\",\"target\":{\"@type\":\"EntryPoint\",\"urlTemplate\":\"https:\\\/\\\/box.gourmandinha.com\\\/?s={search_term_string}\"},\"query-input\":{\"@type\":\"PropertyValueSpecification\",\"valueRequired\":true,\"valueName\":\"search_term_string\"}}],\"inLanguage\":\"fr-FR\"},{\"@type\":\"Organization\",\"@id\":\"https:\\\/\\\/box.gourmandinha.com\\\/#organization\",\"name\":\"Gourmandinha\",\"url\":\"https:\\\/\\\/box.gourmandinha.com\\\/\",\"logo\":{\"@type\":\"ImageObject\",\"inLanguage\":\"fr-FR\",\"@id\":\"https:\\\/\\\/box.gourmandinha.com\\\/#\\\/schema\\\/logo\\\/image\\\/\",\"url\":\"https:\\\/\\\/box.gourmandinha.com\\\/wp-content\\\/uploads\\\/2022\\\/06\\\/cropped-Ativo-224.png\",\"contentUrl\":\"https:\\\/\\\/box.gourmandinha.com\\\/wp-content\\\/uploads\\\/2022\\\/06\\\/cropped-Ativo-224.png\",\"width\":2836,\"height\":466,\"caption\":\"Gourmandinha\"},\"image\":{\"@id\":\"https:\\\/\\\/box.gourmandinha.com\\\/#\\\/schema\\\/logo\\\/image\\\/\"}}]}<\/script>\n<!-- \/ Yoast SEO plugin. -->","yoast_head_json":{"title":"Abonnements - Gourmandinha","robots":{"index":"index","follow":"follow","max-snippet":"max-snippet:-1","max-image-preview":"max-image-preview:large","max-video-preview":"max-video-preview:-1"},"canonical":"https:\/\/box.gourmandinha.com\/index.php\/abonnements\/","og_locale":"fr_FR","og_type":"article","og_title":"Abonnements - Gourmandinha","og_description":"Box mensuelle Chaque mois, embarquez pour un voyage gastronomique sans bouger de chez vous. Savourez au fil des mois une s\u00e9lection de produits gastronomiques haut de gamme \u00e0 offrir ou pour se faire plaisir. Tous les mois, 5 \u00e0 10 produits sont s\u00e9lectionn\u00e9s rigoureusement pour vous permettre de partir \u00e0 la d\u00e9couverte de nouvelles saveurs [&hellip;]","og_url":"https:\/\/box.gourmandinha.com\/index.php\/abonnements\/","og_site_name":"Gourmandinha","article_modified_time":"2022-07-01T20:29:08+00:00","og_image":[{"url":"https:\/\/box.gourmandinha.com\/wp-content\/uploads\/2022\/06\/06-edited-1024x575.png","type":"","width":"","height":""}],"twitter_card":"summary_large_image","twitter_misc":{"Dur\u00e9e de lecture estim\u00e9e":"1 minute"},"schema":{"@context":"https:\/\/schema.org","@graph":[{"@type":"WebPage","@id":"https:\/\/box.gourmandinha.com\/index.php\/abonnements\/","url":"https:\/\/box.gourmandinha.com\/index.php\/abonnements\/","name":"Abonnements - Gourmandinha","isPartOf":{"@id":"https:\/\/box.gourmandinha.com\/#website"},"primaryImageOfPage":{"@id":"https:\/\/box.gourmandinha.com\/index.php\/abonnements\/#primaryimage"},"image":{"@id":"https:\/\/box.gourmandinha.com\/index.php\/abonnements\/#primaryimage"},"thumbnailUrl":"https:\/\/box.gourmandinha.com\/wp-content\/uploads\/2022\/06\/06-edited-1024x575.png","datePublished":"2022-05-23T19:23:16+00:00","dateModified":"2022-07-01T20:29:08+00:00","breadcrumb":{"@id":"https:\/\/box.gourmandinha.com\/index.php\/abonnements\/#breadcrumb"},"inLanguage":"fr-FR","potentialAction":[{"@type":"ReadAction","target":["https:\/\/box.gourmandinha.com\/index.php\/abonnements\/"]}]},{"@type":"ImageObject","inLanguage":"fr-FR","@id":"https:\/\/box.gourmandinha.com\/index.php\/abonnements\/#primaryimage","url":"https:\/\/box.gourmandinha.com\/wp-content\/uploads\/2022\/06\/06-edited.png","contentUrl":"https:\/\/box.gourmandinha.com\/wp-content\/uploads\/2022\/06\/06-edited.png","width":1920,"height":1079},{"@type":"BreadcrumbList","@id":"https:\/\/box.gourmandinha.com\/index.php\/abonnements\/#breadcrumb","itemListElement":[{"@type":"ListItem","position":1,"name":"Accueil","item":"https:\/\/box.gourmandinha.com\/"},{"@type":"ListItem","position":2,"name":"Abonnements"}]},{"@type":"WebSite","@id":"https:\/\/box.gourmandinha.com\/#website","url":"https:\/\/box.gourmandinha.com\/","name":"Gourmandinha","description":"","publisher":{"@id":"https:\/\/box.gourmandinha.com\/#organization"},"potentialAction":[{"@type":"SearchAction","target":{"@type":"EntryPoint","urlTemplate":"https:\/\/box.gourmandinha.com\/?s={search_term_string}"},"query-input":{"@type":"PropertyValueSpecification","valueRequired":true,"valueName":"search_term_string"}}],"inLanguage":"fr-FR"},{"@type":"Organization","@id":"https:\/\/box.gourmandinha.com\/#organization","name":"Gourmandinha","url":"https:\/\/box.gourmandinha.com\/","logo":{"@type":"ImageObject","inLanguage":"fr-FR","@id":"https:\/\/box.gourmandinha.com\/#\/schema\/logo\/image\/","url":"https:\/\/box.gourmandinha.com\/wp-content\/uploads\/2022\/06\/cropped-Ativo-224.png","contentUrl":"https:\/\/box.gourmandinha.com\/wp-content\/uploads\/2022\/06\/cropped-Ativo-224.png","width":2836,"height":466,"caption":"Gourmandinha"},"image":{"@id":"https:\/\/box.gourmandinha.com\/#\/schema\/logo\/image\/"}}]}},"_links":{"self":[{"href":"https:\/\/box.gourmandinha.com\/index.php\/wp-json\/wp\/v2\/pages\/15","targetHints":{"allow":["GET"]}}],"collection":[{"href":"https:\/\/box.gourmandinha.com\/index.php\/wp-json\/wp\/v2\/pages"}],"about":[{"href":"https:\/\/box.gourmandinha.com\/index.php\/wp-json\/wp\/v2\/types\/page"}],"author":[{"embeddable":true,"href":"https:\/\/box.gourmandinha.com\/index.php\/wp-json\/wp\/v2\/users\/1"}],"replies":[{"embeddable":true,"href":"https:\/\/box.gourmandinha.com\/index.php\/wp-json\/wp\/v2\/comments?post=15"}],"version-history":[{"count":0,"href":"https:\/\/box.gourmandinha.com\/index.php\/wp-json\/wp\/v2\/pages\/15\/revisions"}],"wp:attachment":[{"href":"https:\/\/box.gourmandinha.com\/index.php\/wp-json\/wp\/v2\/media?parent=15"}],"curies":[{"name":"wp","href":"https:\/\/api.w.org\/{rel}","templated":true}]}}