{"id":71,"date":"2022-06-01T22:19:44","date_gmt":"2022-06-01T20:19:44","guid":{"rendered":"http:\/\/box.gourmandinha.com\/?page_id=71"},"modified":"2022-06-01T22:19:44","modified_gmt":"2022-06-01T20:19:44","slug":"faq","status":"publish","type":"page","link":"https:\/\/box.gourmandinha.com\/index.php\/faq\/","title":{"rendered":"FAQ"},"content":{"rendered":"\n<h2 class=\"wp-block-heading\">Commande<\/h2>\n\n\n\n<p>1- <strong>Est il possible d\u2019ajouter un message \u00e0 ma commande ?<\/strong><\/p>\n\n\n\n<p>Oui, vous pouvez ajouter un mot lors de la commande que nous ajouterons au coffret lors de la livraison.<\/p>\n\n\n\n<p>2- <strong>Puis-je annuler ma commande ?<\/strong><\/p>\n\n\n\n<p>Si la commande n&#8217;a pas encore \u00e9t\u00e9 exp\u00e9di\u00e9e, vous pouvez demander une annulation de votre commande<\/p>\n\n\n\n<p>3- <strong>Puis-je modifier ma commande ?<\/strong><\/p>\n\n\n\n<p>Tant que la commande n&#8217;a pas encore \u00e9t\u00e9 exp\u00e9di\u00e9e, vous pouvez la modifier. Il vous<\/p>\n\n\n\n<p>suffit de nous envoyer un email a <a href=\"mailto:contact@gourmandinha.com\">contact@gourmandinha.com<\/a> ou de nous contacter par t\u00e9l\u00e9phone au 0687089091.&nbsp;<\/p>\n\n\n\n<p>5- Quels sont les modes de paiement autoris\u00e9s ?<\/p>\n\n\n\n<p>Nous acceptons les r\u00e9glements par carte bancaire et via Paypal<\/p>\n\n\n\n<p>6- <strong>Existe-t-il des coffrets de plus grande taille ?<\/strong><\/p>\n\n\n\n<p>Nos coffrets sont disponibles en S, M et L. Il n&#8217;y a pas de coffrets plus grands disponibles \u00e0 la commande sur le site internet. Pour des coffrets plus grands, contactez-nous par mail ou par t\u00e9l\u00e9phone pour que nous trouvions un coffret adapt\u00e9 \u00e0 votre besoin.<\/p>\n\n\n\n<p>7- <strong>Puis-je connaitre le contenu quand je m\u2019abonne aux coffrets cadeaux?&nbsp;<\/strong><\/p>\n\n\n\n<p>Non, car le principe de la Gourmandinha box c&#8217;est de jouer sur l&#8217;effet surprise qui se prolonge chaque mois.&nbsp;<\/p>\n\n\n\n<p>8- <strong>Je n\u2019ai pas aime le contenu du coffret cadeau, puis-je me faire rembourser?&nbsp;<\/strong><\/p>\n\n\n\n<p>Nous n\u2019offrons pas le remboursement dans ce genre de situation car la Gourmandinha box repose sur la d\u00e9couverte et la surprise. Mais pour essayer de r\u00e9galer les papilles de tous nos abonn\u00e9s et limiter les risques de d\u00e9ception, nous s\u00e9lectionnons une gamme la plus vari\u00e9e possible de produits d\u2019\u00e9picerie sal\u00e9e et sucr\u00e9e du Br\u00e9sil. La gourmandise est aussi une question de partage alors si un produit ne vous a pas plu, faites-en nous part, avis et suggestions nous aideront \u00e0 cr\u00e9er des coffrets encore plus gourmands.<\/p>\n\n\n\n<h2 class=\"wp-block-heading\">Mes abonnements<\/h2>\n\n\n\n<p>1- <strong>Quelle est la diff\u00e9rence entre les diff\u00e9rentes formules d\u2019abonnement \u00e0 la Gourmandinha box ?<\/strong><\/p>\n\n\n\n<p>Nous proposons des formules adapt\u00e9es \u00e0 tous les gastronomes.<br>&#8211; Achat d\u2019une seule BOX sans engagement de dur\u00e9e : vous ne recevrez donc qu\u2019un seul et unique coffret gourmand qui vous sera exp\u00e9di\u00e9 au plus vite apr\u00e8s la date d&#8217;achat sauf si vous nous avez indiqu\u00e9 durant le processus d&#8217;achat que vous d\u00e9siriez une date de livraison sp\u00e9cifique.<br>&#8211; Achat d\u2019une formule 1, 2, 3 ou 6 mois avec paiement imm\u00e9diat du montant total de la commande au moment de l\u2019achat. Vous recevrez le nombre de coffrets correspondants au nombre de mois souscrits \u00e0 intervalle d&#8217;environ 1 mois entre chaque coffret gourmand. Id\u00e9al pour faire un cadeau qui dure !<\/p>\n\n\n\n<p>2- <strong>Je m\u2019abonne pour plusieurs mois, vais-je recevoir automatiquement la gourmet box ?<\/strong><\/p>\n\n\n\n<p>Oui, car en choisissant un abonnement mensuel, vous serez g\u00e2t\u00e9s tous les mois en recevant la Gourmandinha box dans votre bo\u00eete aux lettres autour du jour d&#8217;achat de votre premi\u00e8re box et ce chaque mois jusqu&#8217;\u00e0 la fin de votre abonnement. Une fois la p\u00e9riode d\u2019abonnement termin\u00e9e, si vous souhaiter continuer \u00e0 recevoir la BOX vous devez souscrire de nouveau \u00e0 l&#8217;une de nos formules d\u2019abonnement.<\/p>\n\n\n\n<p>3- <strong>Est-il possible de commander la gourmet box d\u2019un mois pr\u00e9c\u00e9dent ?<\/strong><\/p>\n\n\n\n<p>Bien s\u00fbr sauf si elles sont toutes \u00e9t\u00e9 d\u00e9vor\u00e9es ! Retrouvez-les dans notre rubrique \u00ab <strong>Coffrets Cadeaux <\/strong>\u00bb.<\/p>\n\n\n\n<p>4- J<strong>e ne souhaite recevoir qu\u2019une seule gourmandinha box, est-ce possible ?<\/strong><\/p>\n\n\n\n<p>Oui en choisissant la formule \u00ab abonnement 1 mois \u00bb qui est sans engagement et pour une dur\u00e9e de 1 mois.\u00a0<\/p>\n\n\n\n<p>5 &#8211; <strong>Quand d\u00e9marre mon abonnement \u00e0 la Gourmandinha box ?<\/strong><\/p>\n\n\n\n<p>Votre abonnement d\u00e9bute d\u00e8s r\u00e9ception de votre commande sauf si vous nous avez indiqu\u00e9 durant le processus de commande (l&#8217;option vous est propos\u00e9e) une date sp\u00e9cifique pour l&#8217;envoi de votre premier coffret gourmand. Vous pouvez aussi nous contacter durant votre abonnement pour nous pr\u00e9venir d&#8217;indisponibilit\u00e9s longues etc. Nous sommes une petite \u00e9quipe et nous nous adaptons au maximum aux d\u00e9sirs et besoins de nos clients.<\/p>\n\n\n\n<p>6 &#8211; <strong>Comment dois-je faire pour me d\u00e9sabonner ?<\/strong><\/p>\n\n\n\n<p>Nos formules d\u2019abonnement sont payables au moment de l\u2019achat et non remboursables. Elles ne se renouvellent pas automatiquement c\u2019est-\u00e0-dire que si au bout de 6 mois d\u2019abonnement vous souhaitez continuer \u00e0 recevoir la Gourmandinha box vous devez proc\u00e9der \u00e0 l\u2019achat d\u2019un nouvel abonnement. Vous n\u2019avez donc jamais besoin de vous d\u00e9sabonner de la Gourmandinha box.\u00a0<\/p>\n\n\n\n<h2 class=\"wp-block-heading\">Paiement<\/h2>\n\n\n\n<p>1- <strong>Quels-sont les diff\u00e9rents moyens de paiement ?<\/strong><\/p>\n\n\n\n<p>Vous pouvez payer par carte bancaire ou par paypal.<\/p>\n\n\n\n<p>2 &#8211; <strong>Quand serais-je d\u00e9bit\u00e9 du montant global de ma commande ?<\/strong><\/p>\n\n\n\n<p>Tous les achats effectu\u00e9s sur notre site font l\u2019objet d\u2019un paiement au moment de la commande. Vous serez donc d\u00e9bit\u00e9 du montant global de la commande lors de l\u2019achat d\u2019un coffret ou d\u2019un abonnement.<\/p>\n\n\n\n<p>3 &#8211; <strong>Comment puis-je recevoir une facture ?<\/strong><\/p>\n\n\n\n<p>Nous n\u2019envoyons pas de facture de mani\u00e8re automatique juste une confirmation de paiement au moment de la validation de la commande. Si toutefois vous souhaitez recevoir une facture, merci de nous contacter en nous \u00e9crivant \u00e0&nbsp;<a href=\"mailto:info@lagourmetbox.com\">contact@gourmandinha.com<\/a>&nbsp;nous vous la ferons parvenir par email dans les plus brefs d\u00e9lais. Pensez \u00e0 bien nous communiquer toutes les donn\u00e9es de facturation ainsi que la r\u00e9f\u00e9rence de votre commande.<\/p>\n\n\n\n<p>4 &#8211; <strong>Je b\u00e9n\u00e9ficie d\u2019un code promotionnel, comment \u00e7a marche?<\/strong><\/p>\n\n\n\n<p>C\u2019est au moment du paiement de votre commande que vous serez invit\u00e9 \u00e0 utiliser votre code promotionnel si vous en avez un.\u00a0<\/p>\n\n\n\n<h2 class=\"wp-block-heading\">Livraison<\/h2>\n\n\n\n<p>1 &#8211; <strong>Quand vais-je recevoir la Gourmandinha box ?<\/strong><\/p>\n\n\n\n<p>Vous le recevrez chaque moi autour de la date \u00e0 laquelle a \u00e9t\u00e9 livr\u00e9e votre premier coffret (sauf information contraire). Attention quand m\u00eame car la livraison de la premi\u00e8re BOX d\u00e9pend de la date de votre inscription. Sachez aussi que le mois du d\u00e9but de votre abonnement est pr\u00e9cis\u00e9 au moment du processus d&#8217;abonnement.<\/p>\n\n\n\n<p>2 &#8211; <strong>Par quel moyen est livr\u00e9e la Gourmandinha box ?<\/strong><\/p>\n\n\n\n<p>La Gourmandinha box par abonnement est livr\u00e9e au destinataire chez lui ou dans un Point Relais. Lorsque vous passez votre commande, il vous suffit de choisir le mode de livraison. Les frais de port sont \u00e0 la charge du client et calcul\u00e9s en fonction de l\u2019adresse de livraison (ils sont bien sp\u00e9cifi\u00e9s avant la validation de la commande). Pour nous aider \u00e0 garantir une livraison dans les temps, veillez \u00e0 bien indiquer l\u2019adresse de livraison, le t\u00e9l\u00e9phone et l\u2019email du destinataire.&nbsp;<\/p>\n\n\n\n<p><strong>3 &#8211; Je n\u2019ai toujours pas re\u00e7u ma Gourmandinha box, que dois-je faire ?<\/strong><\/p>\n\n\n\n<p>Apr\u00e8s la validation de votre commande un email vous sera envoy\u00e9 pour vous communiquer un num\u00e9ro de commande qui vous permettra de suivre \u00e0 la trace le statut de votre BOX. Vous pourrez retrouver cette information et ses mises \u00e0 jour r\u00e9guli\u00e8res dans votre espace \u00ab Mon Compte \u00bb. Et si vous n\u2019avez toujours pas re\u00e7u votre surprise gourmande le 28 du mois, il est temps de nous contacter pour que nous vous aidions \u00e0 retrouver sa trace !<\/p>\n\n\n\n<p>4 &#8211;<strong> Puis-je changer mon adresse de livraison ?<\/strong><\/p>\n\n\n\n<p>Vous pouvez changer vos coordonn\u00e9es de livraison en nous \u00e9crivant \u00e0 l&#8217;adresse suivante&nbsp;<a href=\"mailto:info@lagourmetbox.com\">contact@gourmandinha.com<\/a> .&nbsp; Mais attention, votre demande doit \u00eatre faite suffisamment en avance pour qu&#8217;elle soit bien prise en compte pour la livraison du mois suivant.<\/p>\n\n\n\n<p><strong>5- Un des produits de ma gourmet box est abim\u00e9 ou manquant, que dois-je faire ?<\/strong><\/p>\n\n\n\n<p>Notre mission : qualit\u00e9 et originalit\u00e9 pour un maximum de plaisirs gourmands alors pour toute incidence avec l\u2019une de nos BOX, contactez-nous vite \u00e0 l\u2019adresse suivante :\u00a0<a href=\"mailto:info@lagourmetbox.com\">contact@gourmandinha.com<\/a><\/p>\n\n\n\n<hr class=\"wp-block-separator has-alpha-channel-opacity\"\/>\n\n\n\n<p>Si apr\u00e8s avoir lu cette \u00ab Foire aux questions \u00bb, vous avez encore des doutes ou des questions sur la Gourmandinha box, n\u2019h\u00e9sitez pas \u00e0 nous \u00e9crire et nous nous ferons un plaisir de vous r\u00e9pondre.<\/p>\n\n\n\n<p>BON VOYAGE !<\/p>\n","protected":false},"excerpt":{"rendered":"<p>Commande 1- Est il possible d\u2019ajouter un message \u00e0 ma commande ? Oui, vous pouvez ajouter un mot lors de la commande que nous ajouterons au coffret lors de la livraison. 2- Puis-je annuler ma commande ? Si la commande n&#8217;a pas encore \u00e9t\u00e9 exp\u00e9di\u00e9e, vous pouvez demander une annulation de votre commande 3- Puis-je [&hellip;]<\/p>\n","protected":false},"author":1,"featured_media":0,"parent":0,"menu_order":0,"comment_status":"closed","ping_status":"closed","template":"","meta":{"footnotes":""},"class_list":["post-71","page","type-page","status-publish","hentry","entry","owp-thumbs-layout-horizontal","owp-btn-normal","owp-tabs-layout-horizontal","has-no-thumbnails","circle-sale"],"yoast_head":"<!-- This site is optimized with the Yoast SEO plugin v27.4 - https:\/\/yoast.com\/product\/yoast-seo-wordpress\/ -->\n<title>FAQ - Gourmandinha<\/title>\n<meta name=\"robots\" content=\"index, follow, max-snippet:-1, max-image-preview:large, max-video-preview:-1\" \/>\n<link rel=\"canonical\" href=\"https:\/\/box.gourmandinha.com\/index.php\/faq\/\" \/>\n<meta property=\"og:locale\" content=\"fr_FR\" \/>\n<meta property=\"og:type\" content=\"article\" \/>\n<meta property=\"og:title\" content=\"FAQ - Gourmandinha\" \/>\n<meta property=\"og:description\" content=\"Commande 1- Est il possible d\u2019ajouter un message \u00e0 ma commande ? Oui, vous pouvez ajouter un mot lors de la commande que nous ajouterons au coffret lors de la livraison. 2- Puis-je annuler ma commande ? Si la commande n&#8217;a pas encore \u00e9t\u00e9 exp\u00e9di\u00e9e, vous pouvez demander une annulation de votre commande 3- Puis-je [&hellip;]\" \/>\n<meta property=\"og:url\" content=\"https:\/\/box.gourmandinha.com\/index.php\/faq\/\" \/>\n<meta property=\"og:site_name\" content=\"Gourmandinha\" \/>\n<meta name=\"twitter:card\" content=\"summary_large_image\" \/>\n<meta name=\"twitter:label1\" content=\"Dur\u00e9e de lecture estim\u00e9e\" \/>\n\t<meta name=\"twitter:data1\" content=\"7 minutes\" \/>\n<script type=\"application\/ld+json\" class=\"yoast-schema-graph\">{\"@context\":\"https:\\\/\\\/schema.org\",\"@graph\":[{\"@type\":\"WebPage\",\"@id\":\"https:\\\/\\\/box.gourmandinha.com\\\/index.php\\\/faq\\\/\",\"url\":\"https:\\\/\\\/box.gourmandinha.com\\\/index.php\\\/faq\\\/\",\"name\":\"FAQ - Gourmandinha\",\"isPartOf\":{\"@id\":\"https:\\\/\\\/box.gourmandinha.com\\\/#website\"},\"datePublished\":\"2022-06-01T20:19:44+00:00\",\"breadcrumb\":{\"@id\":\"https:\\\/\\\/box.gourmandinha.com\\\/index.php\\\/faq\\\/#breadcrumb\"},\"inLanguage\":\"fr-FR\",\"potentialAction\":[{\"@type\":\"ReadAction\",\"target\":[\"https:\\\/\\\/box.gourmandinha.com\\\/index.php\\\/faq\\\/\"]}]},{\"@type\":\"BreadcrumbList\",\"@id\":\"https:\\\/\\\/box.gourmandinha.com\\\/index.php\\\/faq\\\/#breadcrumb\",\"itemListElement\":[{\"@type\":\"ListItem\",\"position\":1,\"name\":\"Accueil\",\"item\":\"https:\\\/\\\/box.gourmandinha.com\\\/\"},{\"@type\":\"ListItem\",\"position\":2,\"name\":\"FAQ\"}]},{\"@type\":\"WebSite\",\"@id\":\"https:\\\/\\\/box.gourmandinha.com\\\/#website\",\"url\":\"https:\\\/\\\/box.gourmandinha.com\\\/\",\"name\":\"Gourmandinha\",\"description\":\"\",\"publisher\":{\"@id\":\"https:\\\/\\\/box.gourmandinha.com\\\/#organization\"},\"potentialAction\":[{\"@type\":\"SearchAction\",\"target\":{\"@type\":\"EntryPoint\",\"urlTemplate\":\"https:\\\/\\\/box.gourmandinha.com\\\/?s={search_term_string}\"},\"query-input\":{\"@type\":\"PropertyValueSpecification\",\"valueRequired\":true,\"valueName\":\"search_term_string\"}}],\"inLanguage\":\"fr-FR\"},{\"@type\":\"Organization\",\"@id\":\"https:\\\/\\\/box.gourmandinha.com\\\/#organization\",\"name\":\"Gourmandinha\",\"url\":\"https:\\\/\\\/box.gourmandinha.com\\\/\",\"logo\":{\"@type\":\"ImageObject\",\"inLanguage\":\"fr-FR\",\"@id\":\"https:\\\/\\\/box.gourmandinha.com\\\/#\\\/schema\\\/logo\\\/image\\\/\",\"url\":\"https:\\\/\\\/box.gourmandinha.com\\\/wp-content\\\/uploads\\\/2022\\\/06\\\/cropped-Ativo-224.png\",\"contentUrl\":\"https:\\\/\\\/box.gourmandinha.com\\\/wp-content\\\/uploads\\\/2022\\\/06\\\/cropped-Ativo-224.png\",\"width\":2836,\"height\":466,\"caption\":\"Gourmandinha\"},\"image\":{\"@id\":\"https:\\\/\\\/box.gourmandinha.com\\\/#\\\/schema\\\/logo\\\/image\\\/\"}}]}<\/script>\n<!-- \/ Yoast SEO plugin. -->","yoast_head_json":{"title":"FAQ - Gourmandinha","robots":{"index":"index","follow":"follow","max-snippet":"max-snippet:-1","max-image-preview":"max-image-preview:large","max-video-preview":"max-video-preview:-1"},"canonical":"https:\/\/box.gourmandinha.com\/index.php\/faq\/","og_locale":"fr_FR","og_type":"article","og_title":"FAQ - Gourmandinha","og_description":"Commande 1- Est il possible d\u2019ajouter un message \u00e0 ma commande ? Oui, vous pouvez ajouter un mot lors de la commande que nous ajouterons au coffret lors de la livraison. 2- Puis-je annuler ma commande ? Si la commande n&#8217;a pas encore \u00e9t\u00e9 exp\u00e9di\u00e9e, vous pouvez demander une annulation de votre commande 3- Puis-je [&hellip;]","og_url":"https:\/\/box.gourmandinha.com\/index.php\/faq\/","og_site_name":"Gourmandinha","twitter_card":"summary_large_image","twitter_misc":{"Dur\u00e9e de lecture estim\u00e9e":"7 minutes"},"schema":{"@context":"https:\/\/schema.org","@graph":[{"@type":"WebPage","@id":"https:\/\/box.gourmandinha.com\/index.php\/faq\/","url":"https:\/\/box.gourmandinha.com\/index.php\/faq\/","name":"FAQ - Gourmandinha","isPartOf":{"@id":"https:\/\/box.gourmandinha.com\/#website"},"datePublished":"2022-06-01T20:19:44+00:00","breadcrumb":{"@id":"https:\/\/box.gourmandinha.com\/index.php\/faq\/#breadcrumb"},"inLanguage":"fr-FR","potentialAction":[{"@type":"ReadAction","target":["https:\/\/box.gourmandinha.com\/index.php\/faq\/"]}]},{"@type":"BreadcrumbList","@id":"https:\/\/box.gourmandinha.com\/index.php\/faq\/#breadcrumb","itemListElement":[{"@type":"ListItem","position":1,"name":"Accueil","item":"https:\/\/box.gourmandinha.com\/"},{"@type":"ListItem","position":2,"name":"FAQ"}]},{"@type":"WebSite","@id":"https:\/\/box.gourmandinha.com\/#website","url":"https:\/\/box.gourmandinha.com\/","name":"Gourmandinha","description":"","publisher":{"@id":"https:\/\/box.gourmandinha.com\/#organization"},"potentialAction":[{"@type":"SearchAction","target":{"@type":"EntryPoint","urlTemplate":"https:\/\/box.gourmandinha.com\/?s={search_term_string}"},"query-input":{"@type":"PropertyValueSpecification","valueRequired":true,"valueName":"search_term_string"}}],"inLanguage":"fr-FR"},{"@type":"Organization","@id":"https:\/\/box.gourmandinha.com\/#organization","name":"Gourmandinha","url":"https:\/\/box.gourmandinha.com\/","logo":{"@type":"ImageObject","inLanguage":"fr-FR","@id":"https:\/\/box.gourmandinha.com\/#\/schema\/logo\/image\/","url":"https:\/\/box.gourmandinha.com\/wp-content\/uploads\/2022\/06\/cropped-Ativo-224.png","contentUrl":"https:\/\/box.gourmandinha.com\/wp-content\/uploads\/2022\/06\/cropped-Ativo-224.png","width":2836,"height":466,"caption":"Gourmandinha"},"image":{"@id":"https:\/\/box.gourmandinha.com\/#\/schema\/logo\/image\/"}}]}},"_links":{"self":[{"href":"https:\/\/box.gourmandinha.com\/index.php\/wp-json\/wp\/v2\/pages\/71","targetHints":{"allow":["GET"]}}],"collection":[{"href":"https:\/\/box.gourmandinha.com\/index.php\/wp-json\/wp\/v2\/pages"}],"about":[{"href":"https:\/\/box.gourmandinha.com\/index.php\/wp-json\/wp\/v2\/types\/page"}],"author":[{"embeddable":true,"href":"https:\/\/box.gourmandinha.com\/index.php\/wp-json\/wp\/v2\/users\/1"}],"replies":[{"embeddable":true,"href":"https:\/\/box.gourmandinha.com\/index.php\/wp-json\/wp\/v2\/comments?post=71"}],"version-history":[{"count":0,"href":"https:\/\/box.gourmandinha.com\/index.php\/wp-json\/wp\/v2\/pages\/71\/revisions"}],"wp:attachment":[{"href":"https:\/\/box.gourmandinha.com\/index.php\/wp-json\/wp\/v2\/media?parent=71"}],"curies":[{"name":"wp","href":"https:\/\/api.w.org\/{rel}","templated":true}]}}