{"id":1605,"date":"2023-01-04T15:43:31","date_gmt":"2023-01-04T14:43:31","guid":{"rendered":"https:\/\/box.gourmandinha.com\/?post_type=product&#038;p=1605"},"modified":"2025-04-10T15:30:17","modified_gmt":"2025-04-10T13:30:17","slug":"cachaca-artisanale-premium-gold-bio-4-ans-70cl","status":"publish","type":"product","link":"https:\/\/box.gourmandinha.com\/index.php\/produit\/cachaca-artisanale-premium-gold-bio-4-ans-70cl\/","title":{"rendered":"Cacha\u00e7a Artisanale Premium Gold BIO &#8211; 4 ans &#8211; 70cl"},"content":{"rendered":"<p><span class=\"soustitre product\">WEBER HAUS 38% &#8211; 70CL<\/span><\/p>\n<p class=\"description-produit\">La Cacha\u00e7a Artisanale Weber Haus Premium Gold BIO est le r\u00e9sultat du pur jus de canne \u00e0 sucre (le c\u0153ur de chauffe) distill\u00e9 dans un alambic artisanal en cuivre \u00e0 repasse.<\/p>\n<p>Vieillie pendant 4 ans dans un f\u00fbt de ch\u00eane fran\u00e7ais, cette r\u00e9f\u00e9rence propose des ar\u00f4mes et subtilit\u00e9s uniques aux notes d&#8217;amandes plut\u00f4t bois\u00e9es et au caract\u00e8re complexe.<\/p>\n<p>Un produit d&#8217;exception pour une exp\u00e9rience sensorielle unique disponible uniquement chez Casa Fioresi.<\/p>\n<p>Conseill\u00e9e pour les amateurs de rhums en d\u00e9gustation pure (id\u00e9alement \u00e0 l&#8217;ap\u00e9ritif) sans ajout de gla\u00e7ons.<\/p>\n","protected":false},"excerpt":{"rendered":"<p>WEBER HAUS 38% &#8211; 70CL La Cacha\u00e7a Artisanale Weber Haus Premium Gold BIO est le r\u00e9sultat du pur jus de canne \u00e0 sucre (le c\u0153ur de chauffe) distill\u00e9 dans un alambic artisanal en cuivre \u00e0 repasse. Vieillie pendant 4 ans dans un f\u00fbt de ch\u00eane fran\u00e7ais, cette r\u00e9f\u00e9rence propose des ar\u00f4mes et subtilit\u00e9s uniques aux [&hellip;]<\/p>\n","protected":false},"featured_media":1607,"comment_status":"open","ping_status":"closed","template":"","meta":[],"product_brand":[],"product_cat":[32],"product_tag":[],"class_list":{"0":"post-1605","1":"product","2":"type-product","3":"status-publish","4":"has-post-thumbnail","6":"product_cat-alcool","8":"entry","9":"has-media","11":"first","12":"instock","13":"shipping-taxable","14":"purchasable","15":"product-type-simple","16":"col","17":"span_1_of_3","18":"owp-content-center","19":"owp-thumbs-layout-horizontal","20":"owp-btn-normal","21":"owp-tabs-layout-horizontal","22":"circle-sale"},"yoast_head":"<!-- This site is optimized with the Yoast SEO plugin v27.4 - https:\/\/yoast.com\/product\/yoast-seo-wordpress\/ -->\n<title>Cacha\u00e7a Artisanale Premium Gold BIO - 4 ans - 70cl - Gourmandinha<\/title>\n<meta name=\"robots\" content=\"index, follow, max-snippet:-1, max-image-preview:large, max-video-preview:-1\" \/>\n<link rel=\"canonical\" href=\"https:\/\/box.gourmandinha.com\/index.php\/produit\/cachaca-artisanale-premium-gold-bio-4-ans-70cl\/\" \/>\n<meta property=\"og:locale\" content=\"fr_FR\" \/>\n<meta property=\"og:type\" content=\"article\" \/>\n<meta property=\"og:title\" content=\"Cacha\u00e7a Artisanale Premium Gold BIO - 4 ans - 70cl - Gourmandinha\" \/>\n<meta property=\"og:description\" content=\"WEBER HAUS 38% &#8211; 70CL La Cacha\u00e7a Artisanale Weber Haus Premium Gold BIO est le r\u00e9sultat du pur jus de canne \u00e0 sucre (le c\u0153ur de chauffe) distill\u00e9 dans un alambic artisanal en cuivre \u00e0 repasse. Vieillie pendant 4 ans dans un f\u00fbt de ch\u00eane fran\u00e7ais, cette r\u00e9f\u00e9rence propose des ar\u00f4mes et subtilit\u00e9s uniques aux [&hellip;]\" \/>\n<meta property=\"og:url\" content=\"https:\/\/box.gourmandinha.com\/index.php\/produit\/cachaca-artisanale-premium-gold-bio-4-ans-70cl\/\" \/>\n<meta property=\"og:site_name\" content=\"Gourmandinha\" \/>\n<meta property=\"article:modified_time\" content=\"2025-04-10T13:30:17+00:00\" \/>\n<meta property=\"og:image\" content=\"https:\/\/box.gourmandinha.com\/wp-content\/uploads\/2023\/01\/Cachaca-Artisanale-Weber-Haus-Premium-Gold-4-ans-dage-38-\u2013-70cl-BT-1536x1536-1.png\" \/>\n\t<meta property=\"og:image:width\" content=\"1536\" \/>\n\t<meta property=\"og:image:height\" content=\"1536\" \/>\n\t<meta property=\"og:image:type\" content=\"image\/png\" \/>\n<meta name=\"twitter:card\" content=\"summary_large_image\" \/>\n<meta name=\"twitter:label1\" content=\"Dur\u00e9e de lecture estim\u00e9e\" \/>\n\t<meta name=\"twitter:data1\" content=\"1 minute\" \/>\n<script type=\"application\/ld+json\" class=\"yoast-schema-graph\">{\"@context\":\"https:\\\/\\\/schema.org\",\"@graph\":[{\"@type\":\"WebPage\",\"@id\":\"https:\\\/\\\/box.gourmandinha.com\\\/index.php\\\/produit\\\/cachaca-artisanale-premium-gold-bio-4-ans-70cl\\\/\",\"url\":\"https:\\\/\\\/box.gourmandinha.com\\\/index.php\\\/produit\\\/cachaca-artisanale-premium-gold-bio-4-ans-70cl\\\/\",\"name\":\"Cacha\u00e7a Artisanale Premium Gold BIO - 4 ans - 70cl - Gourmandinha\",\"isPartOf\":{\"@id\":\"https:\\\/\\\/box.gourmandinha.com\\\/#website\"},\"primaryImageOfPage\":{\"@id\":\"https:\\\/\\\/box.gourmandinha.com\\\/index.php\\\/produit\\\/cachaca-artisanale-premium-gold-bio-4-ans-70cl\\\/#primaryimage\"},\"image\":{\"@id\":\"https:\\\/\\\/box.gourmandinha.com\\\/index.php\\\/produit\\\/cachaca-artisanale-premium-gold-bio-4-ans-70cl\\\/#primaryimage\"},\"thumbnailUrl\":\"https:\\\/\\\/box.gourmandinha.com\\\/wp-content\\\/uploads\\\/2023\\\/01\\\/Cachaca-Artisanale-Weber-Haus-Premium-Gold-4-ans-dage-38-\u2013-70cl-BT-1536x1536-1.png\",\"datePublished\":\"2023-01-04T14:43:31+00:00\",\"dateModified\":\"2025-04-10T13:30:17+00:00\",\"breadcrumb\":{\"@id\":\"https:\\\/\\\/box.gourmandinha.com\\\/index.php\\\/produit\\\/cachaca-artisanale-premium-gold-bio-4-ans-70cl\\\/#breadcrumb\"},\"inLanguage\":\"fr-FR\",\"potentialAction\":[{\"@type\":\"ReadAction\",\"target\":[\"https:\\\/\\\/box.gourmandinha.com\\\/index.php\\\/produit\\\/cachaca-artisanale-premium-gold-bio-4-ans-70cl\\\/\"]}]},{\"@type\":\"ImageObject\",\"inLanguage\":\"fr-FR\",\"@id\":\"https:\\\/\\\/box.gourmandinha.com\\\/index.php\\\/produit\\\/cachaca-artisanale-premium-gold-bio-4-ans-70cl\\\/#primaryimage\",\"url\":\"https:\\\/\\\/box.gourmandinha.com\\\/wp-content\\\/uploads\\\/2023\\\/01\\\/Cachaca-Artisanale-Weber-Haus-Premium-Gold-4-ans-dage-38-\u2013-70cl-BT-1536x1536-1.png\",\"contentUrl\":\"https:\\\/\\\/box.gourmandinha.com\\\/wp-content\\\/uploads\\\/2023\\\/01\\\/Cachaca-Artisanale-Weber-Haus-Premium-Gold-4-ans-dage-38-\u2013-70cl-BT-1536x1536-1.png\",\"width\":1536,\"height\":1536},{\"@type\":\"BreadcrumbList\",\"@id\":\"https:\\\/\\\/box.gourmandinha.com\\\/index.php\\\/produit\\\/cachaca-artisanale-premium-gold-bio-4-ans-70cl\\\/#breadcrumb\",\"itemListElement\":[{\"@type\":\"ListItem\",\"position\":1,\"name\":\"Accueil\",\"item\":\"https:\\\/\\\/box.gourmandinha.com\\\/\"},{\"@type\":\"ListItem\",\"position\":2,\"name\":\"Epicerie fine\",\"item\":\"https:\\\/\\\/box.gourmandinha.com\\\/index.php\\\/epicerie-fine\\\/\"},{\"@type\":\"ListItem\",\"position\":3,\"name\":\"Cacha\u00e7a Artisanale Premium Gold BIO &#8211; 4 ans &#8211; 70cl\"}]},{\"@type\":\"WebSite\",\"@id\":\"https:\\\/\\\/box.gourmandinha.com\\\/#website\",\"url\":\"https:\\\/\\\/box.gourmandinha.com\\\/\",\"name\":\"Gourmandinha\",\"description\":\"\",\"publisher\":{\"@id\":\"https:\\\/\\\/box.gourmandinha.com\\\/#organization\"},\"potentialAction\":[{\"@type\":\"SearchAction\",\"target\":{\"@type\":\"EntryPoint\",\"urlTemplate\":\"https:\\\/\\\/box.gourmandinha.com\\\/?s={search_term_string}\"},\"query-input\":{\"@type\":\"PropertyValueSpecification\",\"valueRequired\":true,\"valueName\":\"search_term_string\"}}],\"inLanguage\":\"fr-FR\"},{\"@type\":\"Organization\",\"@id\":\"https:\\\/\\\/box.gourmandinha.com\\\/#organization\",\"name\":\"Gourmandinha\",\"url\":\"https:\\\/\\\/box.gourmandinha.com\\\/\",\"logo\":{\"@type\":\"ImageObject\",\"inLanguage\":\"fr-FR\",\"@id\":\"https:\\\/\\\/box.gourmandinha.com\\\/#\\\/schema\\\/logo\\\/image\\\/\",\"url\":\"https:\\\/\\\/box.gourmandinha.com\\\/wp-content\\\/uploads\\\/2022\\\/06\\\/cropped-Ativo-224.png\",\"contentUrl\":\"https:\\\/\\\/box.gourmandinha.com\\\/wp-content\\\/uploads\\\/2022\\\/06\\\/cropped-Ativo-224.png\",\"width\":2836,\"height\":466,\"caption\":\"Gourmandinha\"},\"image\":{\"@id\":\"https:\\\/\\\/box.gourmandinha.com\\\/#\\\/schema\\\/logo\\\/image\\\/\"}}]}<\/script>\n<!-- \/ Yoast SEO plugin. -->","yoast_head_json":{"title":"Cacha\u00e7a Artisanale Premium Gold BIO - 4 ans - 70cl - Gourmandinha","robots":{"index":"index","follow":"follow","max-snippet":"max-snippet:-1","max-image-preview":"max-image-preview:large","max-video-preview":"max-video-preview:-1"},"canonical":"https:\/\/box.gourmandinha.com\/index.php\/produit\/cachaca-artisanale-premium-gold-bio-4-ans-70cl\/","og_locale":"fr_FR","og_type":"article","og_title":"Cacha\u00e7a Artisanale Premium Gold BIO - 4 ans - 70cl - Gourmandinha","og_description":"WEBER HAUS 38% &#8211; 70CL La Cacha\u00e7a Artisanale Weber Haus Premium Gold BIO est le r\u00e9sultat du pur jus de canne \u00e0 sucre (le c\u0153ur de chauffe) distill\u00e9 dans un alambic artisanal en cuivre \u00e0 repasse. Vieillie pendant 4 ans dans un f\u00fbt de ch\u00eane fran\u00e7ais, cette r\u00e9f\u00e9rence propose des ar\u00f4mes et subtilit\u00e9s uniques aux [&hellip;]","og_url":"https:\/\/box.gourmandinha.com\/index.php\/produit\/cachaca-artisanale-premium-gold-bio-4-ans-70cl\/","og_site_name":"Gourmandinha","article_modified_time":"2025-04-10T13:30:17+00:00","og_image":[{"width":1536,"height":1536,"url":"https:\/\/box.gourmandinha.com\/wp-content\/uploads\/2023\/01\/Cachaca-Artisanale-Weber-Haus-Premium-Gold-4-ans-dage-38-\u2013-70cl-BT-1536x1536-1.png","type":"image\/png"}],"twitter_card":"summary_large_image","twitter_misc":{"Dur\u00e9e de lecture estim\u00e9e":"1 minute"},"schema":{"@context":"https:\/\/schema.org","@graph":[{"@type":"WebPage","@id":"https:\/\/box.gourmandinha.com\/index.php\/produit\/cachaca-artisanale-premium-gold-bio-4-ans-70cl\/","url":"https:\/\/box.gourmandinha.com\/index.php\/produit\/cachaca-artisanale-premium-gold-bio-4-ans-70cl\/","name":"Cacha\u00e7a Artisanale Premium Gold BIO - 4 ans - 70cl - Gourmandinha","isPartOf":{"@id":"https:\/\/box.gourmandinha.com\/#website"},"primaryImageOfPage":{"@id":"https:\/\/box.gourmandinha.com\/index.php\/produit\/cachaca-artisanale-premium-gold-bio-4-ans-70cl\/#primaryimage"},"image":{"@id":"https:\/\/box.gourmandinha.com\/index.php\/produit\/cachaca-artisanale-premium-gold-bio-4-ans-70cl\/#primaryimage"},"thumbnailUrl":"https:\/\/box.gourmandinha.com\/wp-content\/uploads\/2023\/01\/Cachaca-Artisanale-Weber-Haus-Premium-Gold-4-ans-dage-38-\u2013-70cl-BT-1536x1536-1.png","datePublished":"2023-01-04T14:43:31+00:00","dateModified":"2025-04-10T13:30:17+00:00","breadcrumb":{"@id":"https:\/\/box.gourmandinha.com\/index.php\/produit\/cachaca-artisanale-premium-gold-bio-4-ans-70cl\/#breadcrumb"},"inLanguage":"fr-FR","potentialAction":[{"@type":"ReadAction","target":["https:\/\/box.gourmandinha.com\/index.php\/produit\/cachaca-artisanale-premium-gold-bio-4-ans-70cl\/"]}]},{"@type":"ImageObject","inLanguage":"fr-FR","@id":"https:\/\/box.gourmandinha.com\/index.php\/produit\/cachaca-artisanale-premium-gold-bio-4-ans-70cl\/#primaryimage","url":"https:\/\/box.gourmandinha.com\/wp-content\/uploads\/2023\/01\/Cachaca-Artisanale-Weber-Haus-Premium-Gold-4-ans-dage-38-\u2013-70cl-BT-1536x1536-1.png","contentUrl":"https:\/\/box.gourmandinha.com\/wp-content\/uploads\/2023\/01\/Cachaca-Artisanale-Weber-Haus-Premium-Gold-4-ans-dage-38-\u2013-70cl-BT-1536x1536-1.png","width":1536,"height":1536},{"@type":"BreadcrumbList","@id":"https:\/\/box.gourmandinha.com\/index.php\/produit\/cachaca-artisanale-premium-gold-bio-4-ans-70cl\/#breadcrumb","itemListElement":[{"@type":"ListItem","position":1,"name":"Accueil","item":"https:\/\/box.gourmandinha.com\/"},{"@type":"ListItem","position":2,"name":"Epicerie fine","item":"https:\/\/box.gourmandinha.com\/index.php\/epicerie-fine\/"},{"@type":"ListItem","position":3,"name":"Cacha\u00e7a Artisanale Premium Gold BIO &#8211; 4 ans &#8211; 70cl"}]},{"@type":"WebSite","@id":"https:\/\/box.gourmandinha.com\/#website","url":"https:\/\/box.gourmandinha.com\/","name":"Gourmandinha","description":"","publisher":{"@id":"https:\/\/box.gourmandinha.com\/#organization"},"potentialAction":[{"@type":"SearchAction","target":{"@type":"EntryPoint","urlTemplate":"https:\/\/box.gourmandinha.com\/?s={search_term_string}"},"query-input":{"@type":"PropertyValueSpecification","valueRequired":true,"valueName":"search_term_string"}}],"inLanguage":"fr-FR"},{"@type":"Organization","@id":"https:\/\/box.gourmandinha.com\/#organization","name":"Gourmandinha","url":"https:\/\/box.gourmandinha.com\/","logo":{"@type":"ImageObject","inLanguage":"fr-FR","@id":"https:\/\/box.gourmandinha.com\/#\/schema\/logo\/image\/","url":"https:\/\/box.gourmandinha.com\/wp-content\/uploads\/2022\/06\/cropped-Ativo-224.png","contentUrl":"https:\/\/box.gourmandinha.com\/wp-content\/uploads\/2022\/06\/cropped-Ativo-224.png","width":2836,"height":466,"caption":"Gourmandinha"},"image":{"@id":"https:\/\/box.gourmandinha.com\/#\/schema\/logo\/image\/"}}]}},"_links":{"self":[{"href":"https:\/\/box.gourmandinha.com\/index.php\/wp-json\/wp\/v2\/product\/1605","targetHints":{"allow":["GET"]}}],"collection":[{"href":"https:\/\/box.gourmandinha.com\/index.php\/wp-json\/wp\/v2\/product"}],"about":[{"href":"https:\/\/box.gourmandinha.com\/index.php\/wp-json\/wp\/v2\/types\/product"}],"replies":[{"embeddable":true,"href":"https:\/\/box.gourmandinha.com\/index.php\/wp-json\/wp\/v2\/comments?post=1605"}],"version-history":[{"count":1,"href":"https:\/\/box.gourmandinha.com\/index.php\/wp-json\/wp\/v2\/product\/1605\/revisions"}],"predecessor-version":[{"id":1610,"href":"https:\/\/box.gourmandinha.com\/index.php\/wp-json\/wp\/v2\/product\/1605\/revisions\/1610"}],"wp:featuredmedia":[{"embeddable":true,"href":"https:\/\/box.gourmandinha.com\/index.php\/wp-json\/wp\/v2\/media\/1607"}],"wp:attachment":[{"href":"https:\/\/box.gourmandinha.com\/index.php\/wp-json\/wp\/v2\/media?parent=1605"}],"wp:term":[{"taxonomy":"product_brand","embeddable":true,"href":"https:\/\/box.gourmandinha.com\/index.php\/wp-json\/wp\/v2\/product_brand?post=1605"},{"taxonomy":"product_cat","embeddable":true,"href":"https:\/\/box.gourmandinha.com\/index.php\/wp-json\/wp\/v2\/product_cat?post=1605"},{"taxonomy":"product_tag","embeddable":true,"href":"https:\/\/box.gourmandinha.com\/index.php\/wp-json\/wp\/v2\/product_tag?post=1605"}],"curies":[{"name":"wp","href":"https:\/\/api.w.org\/{rel}","templated":true}]}}